{"id":1485,"date":"2021-10-02T08:32:08","date_gmt":"2021-10-02T08:32:08","guid":{"rendered":"https:\/\/home.food-experts.com\/solicita-una-demo\/"},"modified":"2022-01-25T14:59:27","modified_gmt":"2022-01-25T14:59:27","slug":"zamow-wersje-demonstracyjna","status":"publish","type":"page","link":"https:\/\/home.food-experts.com\/pl\/zamow-wersje-demonstracyjna\/","title":{"rendered":"Zam\u00f3w wersj\u0119 demonstracyjn\u0105"},"content":{"rendered":"\n<div class=\"wpcf7 no-js\" id=\"wpcf7-f1487-o1\" lang=\"pl-PL\" dir=\"ltr\" data-wpcf7-id=\"1487\">\n<div class=\"screen-reader-response\"><p role=\"status\" aria-live=\"polite\" aria-atomic=\"true\"><\/p> <ul><\/ul><\/div>\n<form action=\"\/pl\/wp-json\/wp\/v2\/pages\/1485#wpcf7-f1487-o1\" method=\"post\" class=\"wpcf7-form init\" aria-label=\"Formularz kontaktowy\" novalidate=\"novalidate\" data-status=\"init\">\n<fieldset class=\"hidden-fields-container\"><input type=\"hidden\" name=\"_wpcf7\" value=\"1487\" \/><input type=\"hidden\" name=\"_wpcf7_version\" value=\"6.1.5\" \/><input type=\"hidden\" name=\"_wpcf7_locale\" value=\"pl_PL\" \/><input type=\"hidden\" name=\"_wpcf7_unit_tag\" value=\"wpcf7-f1487-o1\" \/><input type=\"hidden\" name=\"_wpcf7_container_post\" value=\"0\" \/><input type=\"hidden\" name=\"_wpcf7_posted_data_hash\" value=\"\" \/><input type=\"hidden\" name=\"_wpcf7_recaptcha_response\" value=\"\" \/>\n<\/fieldset>\n<div class=\"mi_formulario\">\n\t<div>\n\t\t<p><label><span class=\"wpcf7-form-control-wrap\" data-name=\"your-subject\"><input size=\"40\" maxlength=\"400\" class=\"wpcf7-form-control wpcf7-text wpcf7-validates-as-required\" aria-required=\"true\" aria-invalid=\"false\" placeholder=\"Temat\" value=\"\" type=\"text\" name=\"your-subject\" \/><\/span> <\/label><label><span class=\"wpcf7-form-control-wrap\" data-name=\"your-name\"><input size=\"40\" maxlength=\"400\" class=\"wpcf7-form-control wpcf7-text wpcf7-validates-as-required\" aria-required=\"true\" aria-invalid=\"false\" placeholder=\"Imi\u0119\" value=\"\" type=\"text\" name=\"your-name\" \/><\/span> <\/label><label><span class=\"wpcf7-form-control-wrap\" data-name=\"your-email\"><input size=\"40\" maxlength=\"400\" class=\"wpcf7-form-control wpcf7-email wpcf7-validates-as-required wpcf7-text wpcf7-validates-as-email\" aria-required=\"true\" aria-invalid=\"false\" placeholder=\"Adres e-mail\" value=\"\" type=\"email\" name=\"your-email\" \/><\/span> <\/label><label><span class=\"wpcf7-form-control-wrap\" data-name=\"your-company\"><input size=\"40\" maxlength=\"400\" class=\"wpcf7-form-control wpcf7-text wpcf7-validates-as-required\" aria-required=\"true\" aria-invalid=\"false\" placeholder=\"Biznes\" value=\"\" type=\"text\" name=\"your-company\" \/><\/span> <\/label><label><span class=\"wpcf7-form-control-wrap\" data-name=\"your-cargo\"><input size=\"40\" maxlength=\"400\" class=\"wpcf7-form-control wpcf7-text wpcf7-validates-as-required\" aria-required=\"true\" aria-invalid=\"false\" placeholder=\"Pozycja\" value=\"\" type=\"text\" name=\"your-cargo\" \/><\/span> <\/label><label class=\"modules\">Modu\u0142 <span class=\"wpcf7-form-control-wrap\" data-name=\"class:select-css\"><select class=\"wpcf7-form-control wpcf7-select\" aria-invalid=\"false\" name=\"class:select-css\"><option value=\"Zarz\u0105dzanie analiz\u0105\">Zarz\u0105dzanie analiz\u0105<\/option><option value=\"Wykaz \u015brodk\u00f3w ochrony ro\u015blin\">Wykaz \u015brodk\u00f3w ochrony ro\u015blin<\/option><option value=\"Kontrola jako\u015bci\">Kontrola jako\u015bci<\/option><option value=\"\u0142a\u0144cuch dostaw\">\u0142a\u0144cuch dostaw<\/option><option value=\"Grower List\">Grower List<\/option><option value=\"Documenty\">Documenty<\/option><option value=\"Inni\">Inni<\/option><option value=\"Wszystko\">Wszystko<\/option><\/select><\/span> <\/label>\n\t\t<\/p>\n\t<\/div>\n\t<div>\n\t\t<p><label><span class=\"wpcf7-form-control-wrap\" data-name=\"your-message\"><textarea cols=\"40\" rows=\"10\" maxlength=\"2000\" class=\"wpcf7-form-control wpcf7-textarea wpcf7-validates-as-required\" aria-required=\"true\" aria-invalid=\"false\" placeholder=\"Wiadomo\u015b\u0107\" name=\"your-message\"><\/textarea><\/span> <\/label><br \/>\n<span class=\"wpcf7-form-control-wrap\" data-name=\"acceptance-120\"><span class=\"wpcf7-form-control wpcf7-acceptance\"><span class=\"wpcf7-list-item\"><label><input type=\"checkbox\" name=\"acceptance-120\" value=\"1\" aria-invalid=\"false\" \/><span class=\"wpcf7-list-item-label\">Znam, rozumiem i akceptuj\u0119 tre\u015b\u0107 <a href=\"https:\/\/home.food-experts.com\/politica-de-privacidad\/\" title=\"\">Polityki prywatno\u015bci<\/a> oraz <a href=\"https:\/\/home.food-experts.com\/politica-de-cookies\/\" title=\"\">Plik\u00f3w cookies<\/a><\/span><\/label><\/span><\/span><\/span><label class=\"final wpcf7-list-item-label\">Ta witryna jest chroniona przez reCAPTCHA. Obowi\u0105zuj\u0105 <a href=\"https:\/\/policies.google.com\/privacy\">Polityka prywatno\u015bci<\/a> oraz <a href=\"https:\/\/policies.google.com\/terms\">Warunki \u015bwiadczenia us\u0142ugi<\/a> firmy Google.<input class=\"wpcf7-form-control wpcf7-submit has-spinner\" type=\"submit\" value=\"WY\u015aLIJ\" \/><\/label>\n\t\t<\/p>\n\t<\/div>\n<\/div><div class=\"wpcf7-response-output\" aria-hidden=\"true\"><\/div>\n<\/form>\n<\/div>\n\n","protected":false},"excerpt":{"rendered":"","protected":false},"author":1,"featured_media":0,"parent":0,"menu_order":0,"comment_status":"closed","ping_status":"closed","template":"","meta":{"inline_featured_image":false,"footnotes":""},"class_list":["post-1485","page","type-page","status-publish","hentry"],"acf":[],"_links":{"self":[{"href":"https:\/\/home.food-experts.com\/pl\/wp-json\/wp\/v2\/pages\/1485","targetHints":{"allow":["GET"]}}],"collection":[{"href":"https:\/\/home.food-experts.com\/pl\/wp-json\/wp\/v2\/pages"}],"about":[{"href":"https:\/\/home.food-experts.com\/pl\/wp-json\/wp\/v2\/types\/page"}],"author":[{"embeddable":true,"href":"https:\/\/home.food-experts.com\/pl\/wp-json\/wp\/v2\/users\/1"}],"replies":[{"embeddable":true,"href":"https:\/\/home.food-experts.com\/pl\/wp-json\/wp\/v2\/comments?post=1485"}],"version-history":[{"count":6,"href":"https:\/\/home.food-experts.com\/pl\/wp-json\/wp\/v2\/pages\/1485\/revisions"}],"predecessor-version":[{"id":1489,"href":"https:\/\/home.food-experts.com\/pl\/wp-json\/wp\/v2\/pages\/1485\/revisions\/1489"}],"wp:attachment":[{"href":"https:\/\/home.food-experts.com\/pl\/wp-json\/wp\/v2\/media?parent=1485"}],"curies":[{"name":"wp","href":"https:\/\/api.w.org\/{rel}","templated":true}]}}