{"id":1464,"date":"2021-09-16T19:52:38","date_gmt":"2021-09-16T19:52:38","guid":{"rendered":"https:\/\/home.food-experts.com\/quienes-somos\/"},"modified":"2022-01-25T12:36:20","modified_gmt":"2022-01-25T12:36:20","slug":"o-nas","status":"publish","type":"page","link":"https:\/\/home.food-experts.com\/pl\/o-nas\/","title":{"rendered":"O nas"},"content":{"rendered":"<h2>SKONTAKTUJ SI\u0118 Z NAMI<\/h2>\n\n<div class=\"wpcf7 no-js\" id=\"wpcf7-f1442-o1\" lang=\"pl-PL\" dir=\"ltr\" data-wpcf7-id=\"1442\">\n<div class=\"screen-reader-response\"><p role=\"status\" aria-live=\"polite\" aria-atomic=\"true\"><\/p> <ul><\/ul><\/div>\n<form action=\"\/pl\/wp-json\/wp\/v2\/pages\/1464#wpcf7-f1442-o1\" method=\"post\" class=\"wpcf7-form init\" aria-label=\"Formularz kontaktowy\" novalidate=\"novalidate\" data-status=\"init\">\n<fieldset class=\"hidden-fields-container\"><input type=\"hidden\" name=\"_wpcf7\" value=\"1442\" \/><input type=\"hidden\" name=\"_wpcf7_version\" value=\"6.1.5\" \/><input type=\"hidden\" name=\"_wpcf7_locale\" value=\"pl_PL\" \/><input type=\"hidden\" name=\"_wpcf7_unit_tag\" value=\"wpcf7-f1442-o1\" \/><input type=\"hidden\" name=\"_wpcf7_container_post\" value=\"0\" \/><input type=\"hidden\" name=\"_wpcf7_posted_data_hash\" value=\"\" \/><input type=\"hidden\" name=\"_wpcf7_recaptcha_response\" value=\"\" \/>\n<\/fieldset>\n<div class=\"mi_formulario\">\n\t<div>\n\t\t<p><label><span class=\"wpcf7-form-control-wrap\" data-name=\"your-subject\"><input size=\"40\" maxlength=\"400\" class=\"wpcf7-form-control wpcf7-text wpcf7-validates-as-required\" aria-required=\"true\" aria-invalid=\"false\" placeholder=\"Temat\" value=\"\" type=\"text\" name=\"your-subject\" \/><\/span> <\/label><label><span class=\"wpcf7-form-control-wrap\" data-name=\"your-name\"><input size=\"40\" maxlength=\"400\" class=\"wpcf7-form-control wpcf7-text wpcf7-validates-as-required\" aria-required=\"true\" aria-invalid=\"false\" placeholder=\"Imi\u0119\" value=\"\" type=\"text\" name=\"your-name\" \/><\/span> <\/label><label><span class=\"wpcf7-form-control-wrap\" data-name=\"your-email\"><input size=\"40\" maxlength=\"400\" class=\"wpcf7-form-control wpcf7-email wpcf7-validates-as-required wpcf7-text wpcf7-validates-as-email\" aria-required=\"true\" aria-invalid=\"false\" placeholder=\"Adres e-mail\" value=\"\" type=\"email\" name=\"your-email\" \/><\/span> <\/label>\n\t\t<\/p>\n\t<\/div>\n\t<div>\n\t\t<p><label><span class=\"wpcf7-form-control-wrap\" data-name=\"your-message\"><textarea cols=\"40\" rows=\"10\" maxlength=\"2000\" class=\"wpcf7-form-control wpcf7-textarea wpcf7-validates-as-required\" aria-required=\"true\" aria-invalid=\"false\" placeholder=\"Wiadomo\u015b\u0107\" name=\"your-message\"><\/textarea><\/span> <\/label><span class=\"wpcf7-form-control-wrap\" data-name=\"acceptance-120\"><span class=\"wpcf7-form-control wpcf7-acceptance\"><span class=\"wpcf7-list-item\"><label><input type=\"checkbox\" name=\"acceptance-120\" value=\"1\" aria-invalid=\"false\" \/><span class=\"wpcf7-list-item-label\">Znam, rozumiem i akceptuj\u0119 tre\u015b\u0107 <a href=\"https:\/\/home.food-experts.com\/politica-de-privacidad\/\" title=\"\">Polityki prywatno\u015bci<\/a> oraz <a href=\"https:\/\/home.food-experts.com\/politica-de-cookies\/\" title=\"\">Plik\u00f3w cookies<\/a><\/span><\/label><\/span><\/span><\/span><label class=\"final wpcf7-list-item-label\">Ta witryna jest chroniona przez reCAPTCHA. Obowi\u0105zuj\u0105 <a href=\"https:\/\/policies.google.com\/privacy\">Polityka prywatno\u015bci<\/a> oraz <a href=\"https:\/\/policies.google.com\/terms\">Warunki \u015bwiadczenia us\u0142ugi<\/a> firmy Google.<input class=\"wpcf7-form-control wpcf7-submit has-spinner\" type=\"submit\" value=\"WY\u015aLIJ\" \/><\/label>\n\t\t<\/p>\n\t<\/div>\n<\/div><div class=\"wpcf7-response-output\" aria-hidden=\"true\"><\/div>\n<\/form>\n<\/div>\n\n","protected":false},"excerpt":{"rendered":"SKONTAKTUJ SI\u0118 Z NAMI","protected":false},"author":1,"featured_media":0,"parent":0,"menu_order":0,"comment_status":"closed","ping_status":"closed","template":"page-company.php","meta":{"inline_featured_image":false,"footnotes":""},"class_list":["post-1464","page","type-page","status-publish","hentry"],"acf":[],"_links":{"self":[{"href":"https:\/\/home.food-experts.com\/pl\/wp-json\/wp\/v2\/pages\/1464","targetHints":{"allow":["GET"]}}],"collection":[{"href":"https:\/\/home.food-experts.com\/pl\/wp-json\/wp\/v2\/pages"}],"about":[{"href":"https:\/\/home.food-experts.com\/pl\/wp-json\/wp\/v2\/types\/page"}],"author":[{"embeddable":true,"href":"https:\/\/home.food-experts.com\/pl\/wp-json\/wp\/v2\/users\/1"}],"replies":[{"embeddable":true,"href":"https:\/\/home.food-experts.com\/pl\/wp-json\/wp\/v2\/comments?post=1464"}],"version-history":[{"count":6,"href":"https:\/\/home.food-experts.com\/pl\/wp-json\/wp\/v2\/pages\/1464\/revisions"}],"predecessor-version":[{"id":1470,"href":"https:\/\/home.food-experts.com\/pl\/wp-json\/wp\/v2\/pages\/1464\/revisions\/1470"}],"wp:attachment":[{"href":"https:\/\/home.food-experts.com\/pl\/wp-json\/wp\/v2\/media?parent=1464"}],"curies":[{"name":"wp","href":"https:\/\/api.w.org\/{rel}","templated":true}]}}